{"id":64,"date":"2023-06-14T16:59:24","date_gmt":"2023-06-14T14:59:24","guid":{"rendered":"http:\/\/zyciebezalkoholu.pl\/?page_id=64"},"modified":"2023-06-16T21:05:41","modified_gmt":"2023-06-16T19:05:41","slug":"moje-dla-czego","status":"publish","type":"page","link":"https:\/\/zyciebezalkoholu.pl\/","title":{"rendered":"Moje dla czego"},"content":{"rendered":"<p>[et_pb_section fb_built=&#8221;1&#8243; admin_label=&#8221;section&#8221; _builder_version=&#8221;4.16&#8243; min_height=&#8221;590.8px&#8221; custom_margin=&#8221;||46px|||&#8221; global_colors_info=&#8221;{}&#8221;][et_pb_row admin_label=&#8221;row&#8221; _builder_version=&#8221;4.21.0&#8243; background_size=&#8221;initial&#8221; background_position=&#8221;top_left&#8221; background_repeat=&#8221;repeat&#8221; module_alignment=&#8221;center&#8221; min_height=&#8221;417.8px&#8221; custom_margin=&#8221;|auto|73px|auto||&#8221; box_shadow_style=&#8221;preset1&#8243; global_colors_info=&#8221;{}&#8221;][et_pb_column type=&#8221;4_4&#8243; _builder_version=&#8221;4.16&#8243; custom_padding=&#8221;|||&#8221; global_colors_info=&#8221;{}&#8221; custom_padding__hover=&#8221;|||&#8221;][et_pb_text admin_label=&#8221;Text&#8221; _builder_version=&#8221;4.21.0&#8243; background_size=&#8221;initial&#8221; background_position=&#8221;top_left&#8221; background_repeat=&#8221;repeat&#8221; min_height=&#8221;516.8px&#8221; custom_padding=&#8221;|20px|0px|14px||&#8221; inline_fonts=&#8221;ABeeZee,Abhaya Libre,Amarante,Alumni Sans Pinstripe,Lancelot&#8221; global_colors_info=&#8221;{}&#8221;]<\/p>\n<h3><\/h3>\n<h3><span style=\"font-family: Lancelot; font-weight: normal;\"><span style=\"color: #666666;\"><strong>Moje Dla czego<\/strong><\/span><\/span><\/h3>\n<p><span style=\"font-family: Lancelot; font-weight: normal;\"><\/span><\/p>\n<p><span style=\"font-family: Lancelot; font-weight: normal;\"><\/span><\/p>\n<h3><span style=\"font-family: Lancelot; font-weight: normal;\">Po co to robi\u0119? <\/span><\/h3>\n<h3><span style=\"font-family: Lancelot; font-weight: normal;\">&#8211; Dobre pytanie! &#8211; a\u017c si\u0119 ci\u015bnie na usta by przyklasn\u0105\u0107 i cho\u0107 troszk\u0119 pomy\u015ble\u0107.<\/span><\/h3>\n<p><span style=\"font-family: Lancelot; font-weight: normal;\"><\/span><\/p>\n<h3><span style=\"font-family: Lancelot; font-weight: normal;\">By pomaga\u0107 innym,<\/span><\/h3>\n<h3><span style=\"font-family: Lancelot; font-weight: normal;\">By promowa\u0107 \u017cycie bez Alkoholu,<\/span><\/h3>\n<h3><span style=\"font-family: Lancelot; font-weight: normal;\">By pom\u00f3c sobie,<\/span><\/h3>\n<h3><span style=\"font-family: Lancelot; font-weight: normal;\"><\/span><\/h3>\n<h3><span style=\"font-family: Lancelot; font-weight: normal;\"><\/span><\/h3>\n<h3><span style=\"font-family: Lancelot; font-weight: normal;\">Pomaga\u0107 innym? <\/span><\/h3>\n<h3><span style=\"font-family: Lancelot; font-weight: normal;\">Kurczaczek. No Matk\u0105 Teres\u0105 z Calcuty to ja nie jestem. Logicznie te\u017c mi to trudno wyja\u015bni\u0107 ale intuicja mi podpowiada, \u017ce opowiadaj\u0105c moja histori\u0119 mog\u0119 pom\u00f3c inny. Mo\u017ce kto\u015b si\u0119 zainspiruje, mo\u017ce podejmie dzia\u0142anie a mo\u017ce zyska wiedz\u0119.\u00a0 \u00a0<\/span><span style=\"font-family: Lancelot; font-weight: normal;\"><\/span><\/h3>\n<p><span style=\"font-family: Lancelot; font-weight: normal;\"><\/span><\/p>\n<p><span style=\"font-family: Lancelot; font-weight: normal;\"><\/span><\/p>\n<p><span style=\"font-family: Lancelot; font-weight: normal;\"><\/span><\/p>\n<p><span style=\"font-family: Lancelot; font-weight: normal;\"><\/span><\/p>\n<p><span style=\"font-family: Lancelot; font-weight: normal;\"><\/span><\/p>\n<h3><span style=\"font-family: Lancelot; font-weight: normal;\">By odnale\u017a\u0107 w nim, rzeczony przez Himilsbacha element bajkowo\u015bci znamienny dla stanu pod wp\u0142ywem.<\/span><\/h3>\n<h3><span style=\"font-family: Lancelot; font-weight: normal;\"><\/span><span style=\"font-family: Lancelot; font-weight: normal;\">By bez warunkowo cieszy\u0107 si\u0119 \u017cyciem i dostrzega\u0107 s\u0142o\u0144ce i wiatr<\/span><\/h3>\n<h3><span style=\"font-family: Lancelot; font-weight: normal;\">By zada\u0107 k\u0142am, fa\u0142szywej opinii spo\u0142ecznej<\/span><\/h3>\n<h3><span style=\"font-family: Lancelot; font-weight: normal;\"><\/span><span style=\"font-family: Lancelot; font-weight: normal;\"><\/span><span style=\"font-family: Lancelot; font-weight: normal;\"><\/span><span style=\"font-family: Lancelot; font-weight: normal;\">By szczerze opowiedzie\u0107 o tym, o czym wstyd, o tym co nie wypada.<\/span><\/h3>\n<h3><span style=\"font-family: Lancelot; font-weight: normal;\"><\/span><span style=\"font-family: Lancelot; font-weight: normal;\"><\/span><span style=\"font-family: Lancelot; font-weight: normal;\">By inspirowa\u0107 do dzia\u0142ania<\/span><\/h3>\n<h3><span style=\"font-family: Lancelot; font-weight: normal;\">By by\u0107 lepszym cz\u0142owiekiem<\/span><\/h3>\n<h3><span style=\"font-family: Lancelot; font-weight: normal;\">By odnale\u017a\u0107 ludzi co my\u015bl\u0105 jak ja<\/span><\/h3>\n<h3><span style=\"font-family: Lancelot; font-weight: normal;\">\u00a0\u00a0<\/span><span style=\"font-family: Lancelot; font-weight: normal;\"><\/span><\/h3>\n<h3><span style=\"font-family: Lancelot; font-weight: normal;\"><\/span><\/h3>\n<h3><span style=\"font-family: Lancelot; font-weight: normal;\">Zainspirowany ksi\u0105\u017cka Simona Sinecka &#8222;Zacznij od dla czego&#8221;<\/span><\/h3>\n<h3><span style=\"font-family: Lancelot; font-weight: normal;\">\u00a0<\/span><\/h3>\n<p><span style=\"font-family: Abel; font-weight: normal;\"><!-- \/divi:paragraph --><\/span><\/p>\n<p>[\/et_pb_text][\/et_pb_column][\/et_pb_row][\/et_pb_section]<\/p>\n","protected":false},"excerpt":{"rendered":"<p>Moje Dla czego Po co to robi\u0119? &#8211; Dobre pytanie! &#8211; a\u017c si\u0119 ci\u015bnie na usta by przyklasn\u0105\u0107 i cho\u0107 troszk\u0119 pomy\u015ble\u0107. By pomaga\u0107 innym, By promowa\u0107 \u017cycie bez Alkoholu, By pom\u00f3c sobie, Pomaga\u0107 innym? Kurczaczek. No Matk\u0105 Teres\u0105 z Calcuty to ja nie jestem. Logicznie te\u017c mi to trudno wyja\u015bni\u0107 ale intuicja mi podpowiada, [&hellip;]<\/p>\n","protected":false},"author":1,"featured_media":0,"parent":0,"menu_order":0,"comment_status":"closed","ping_status":"closed","template":"","meta":{"_et_pb_use_builder":"on","_et_pb_old_content":"","_et_gb_content_width":"","footnotes":""},"class_list":["post-64","page","type-page","status-publish","hentry"],"_links":{"self":[{"href":"https:\/\/zyciebezalkoholu.pl\/index.php?rest_route=\/wp\/v2\/pages\/64","targetHints":{"allow":["GET"]}}],"collection":[{"href":"https:\/\/zyciebezalkoholu.pl\/index.php?rest_route=\/wp\/v2\/pages"}],"about":[{"href":"https:\/\/zyciebezalkoholu.pl\/index.php?rest_route=\/wp\/v2\/types\/page"}],"author":[{"embeddable":true,"href":"https:\/\/zyciebezalkoholu.pl\/index.php?rest_route=\/wp\/v2\/users\/1"}],"replies":[{"embeddable":true,"href":"https:\/\/zyciebezalkoholu.pl\/index.php?rest_route=%2Fwp%2Fv2%2Fcomments&post=64"}],"version-history":[{"count":6,"href":"https:\/\/zyciebezalkoholu.pl\/index.php?rest_route=\/wp\/v2\/pages\/64\/revisions"}],"predecessor-version":[{"id":75,"href":"https:\/\/zyciebezalkoholu.pl\/index.php?rest_route=\/wp\/v2\/pages\/64\/revisions\/75"}],"wp:attachment":[{"href":"https:\/\/zyciebezalkoholu.pl\/index.php?rest_route=%2Fwp%2Fv2%2Fmedia&parent=64"}],"curies":[{"name":"wp","href":"https:\/\/api.w.org\/{rel}","templated":true}]}}